{"id":542,"date":"2018-11-27T09:17:28","date_gmt":"2018-11-27T09:17:28","guid":{"rendered":"https:\/\/digistuudio.eu\/rendikamber\/services\/"},"modified":"2025-08-06T21:55:40","modified_gmt":"2025-08-06T19:55:40","slug":"pealeht-2","status":"publish","type":"page","link":"https:\/\/rendikamber.ee\/ru\/","title":{"rendered":"\u0413\u043b\u0430\u0432\u043d\u0430\u044f"},"content":{"rendered":"<div data-elementor-type=\"wp-post\" data-elementor-id=\"542\" class=\"elementor elementor-542\">\n\t\t\t\t<div class=\"elementor-element elementor-element-357eb3f e-flex e-con-boxed e-con e-parent\" data-id=\"357eb3f\" data-element_type=\"container\" data-e-type=\"container\" data-settings=\"{&quot;background_background&quot;:&quot;classic&quot;}\">\n\t\t\t\t\t<div class=\"e-con-inner\">\n\t\t<div class=\"elementor-element elementor-element-ebd877c e-con-full e-flex e-con e-child\" data-id=\"ebd877c\" data-element_type=\"container\" data-e-type=\"container\">\n\t\t\t\t<div class=\"elementor-element elementor-element-9cc8cc8 elementor-widget elementor-widget-heading\" data-id=\"9cc8cc8\" data-element_type=\"widget\" data-e-type=\"widget\" data-widget_type=\"heading.default\">\n\t\t\t\t<div class=\"elementor-widget-container\">\n\t\t\t\t\t<h3 class=\"elementor-heading-title elementor-size-default\">\u0417\u0430\u0445\u0432\u0430\u0442\u044b\u0432\u0430\u044e\u0449\u0435\u0435 \u043f\u0440\u0438\u043a\u043b\u044e\u0447\u0435\u043d\u0438\u0435 \u0436\u0434\u0435\u0442!<\/h3>\t\t\t\t<\/div>\n\t\t\t\t<\/div>\n\t\t\t\t<div class=\"elementor-element elementor-element-f0e7df0 elementor-widget-divider--view-line elementor-widget elementor-widget-divider\" data-id=\"f0e7df0\" data-element_type=\"widget\" data-e-type=\"widget\" data-widget_type=\"divider.default\">\n\t\t\t\t<div class=\"elementor-widget-container\">\n\t\t\t\t\t\t\t<div class=\"elementor-divider\">\n\t\t\t<span class=\"elementor-divider-separator\">\n\t\t\t\t\t\t<\/span>\n\t\t<\/div>\n\t\t\t\t\t\t<\/div>\n\t\t\t\t<\/div>\n\t\t\t\t<div class=\"elementor-element elementor-element-40274e5 elementor-widget elementor-widget-heading\" data-id=\"40274e5\" data-element_type=\"widget\" data-e-type=\"widget\" data-widget_type=\"heading.default\">\n\t\t\t\t<div class=\"elementor-widget-container\">\n\t\t\t\t\t<h1 class=\"elementor-heading-title elementor-size-default\">Rendikamber<\/h1>\t\t\t\t<\/div>\n\t\t\t\t<\/div>\n\t\t\t\t<\/div>\n\t\t\t\t\t<\/div>\n\t\t\t\t<\/div>\n\t\t<div class=\"elementor-element elementor-element-0f39bfb e-flex e-con-boxed e-con e-parent\" data-id=\"0f39bfb\" data-element_type=\"container\" data-e-type=\"container\">\n\t\t\t\t\t<div class=\"e-con-inner\">\n\t\t\t\t\t<\/div>\n\t\t\t\t<\/div>\n\t\t<div class=\"elementor-element elementor-element-f1919da e-flex e-con-boxed e-con e-parent\" data-id=\"f1919da\" data-element_type=\"container\" data-e-type=\"container\">\n\t\t\t\t\t<div class=\"e-con-inner\">\n\t\t\t\t<div class=\"elementor-element elementor-element-6e5651c elementor-widget elementor-widget-heading\" data-id=\"6e5651c\" data-element_type=\"widget\" data-e-type=\"widget\" data-widget_type=\"heading.default\">\n\t\t\t\t<div class=\"elementor-widget-container\">\n\t\t\t\t\t<h2 class=\"elementor-heading-title elementor-size-default\">\u041f\u0440\u0435\u0434\u043b\u0430\u0433\u0430\u0435\u043c \u0432 \u0430\u0440\u0435\u043d\u0434\u0443 \u0441\u043e\u0432\u0440\u0435\u043c\u0435\u043d\u043d\u044b\u0439 \u0438 \u043f\u0440\u043e\u0441\u0442\u043e\u0440\u043d\u044b\u0439 7-\u043c\u0435\u0441\u0442\u043d\u044b\u0439 \u0430\u0432\u0442\u043e\u0434\u043e\u043c Citroen Mclouis Glamys222. \u041c\u044b \u043d\u0430\u0445\u043e\u0434\u0438\u043c\u0441\u044f \u0432 \u041d\u0430\u0440\u0432\u0435, \u043f\u043e \u043f\u0440\u0435\u0434\u0432\u0430\u0440\u0438\u0442\u0435\u043b\u044c\u043d\u043e\u0439 \u0434\u043e\u0433\u043e\u0432\u043e\u0440\u0435\u043d\u043d\u043e\u0441\u0442\u0438 \u043c\u043e\u0436\u043d\u043e \u0434\u043e\u0441\u0442\u0430\u0432\u0438\u0442\u044c \u0432\u0430\u043c \u0430\u0432\u0442\u043e\u043c\u043e\u0431\u0438\u043b\u044c. <\/h2>\t\t\t\t<\/div>\n\t\t\t\t<\/div>\n\t\t\t\t\t<\/div>\n\t\t\t\t<\/div>\n\t\t<div class=\"elementor-element elementor-element-c0b75eb e-flex e-con-boxed e-con e-parent\" data-id=\"c0b75eb\" data-element_type=\"container\" data-e-type=\"container\">\n\t\t\t\t\t<div class=\"e-con-inner\">\n\t\t\t\t<div class=\"elementor-element elementor-element-083f836 elementor-widget-divider--view-line elementor-widget elementor-widget-divider\" data-id=\"083f836\" data-element_type=\"widget\" data-e-type=\"widget\" data-widget_type=\"divider.default\">\n\t\t\t\t<div class=\"elementor-widget-container\">\n\t\t\t\t\t\t\t<div class=\"elementor-divider\">\n\t\t\t<span class=\"elementor-divider-separator\">\n\t\t\t\t\t\t<\/span>\n\t\t<\/div>\n\t\t\t\t\t\t<\/div>\n\t\t\t\t<\/div>\n\t\t\t\t\t<\/div>\n\t\t\t\t<\/div>\n\t\t<div class=\"elementor-element elementor-element-90e12bc e-flex e-con-boxed e-con e-parent\" data-id=\"90e12bc\" data-element_type=\"container\" data-e-type=\"container\">\n\t\t\t\t\t<div class=\"e-con-inner\">\n\t\t<div class=\"elementor-element elementor-element-be77fe9 e-con-full e-flex e-con e-child\" data-id=\"be77fe9\" data-element_type=\"container\" data-e-type=\"container\">\n\t\t\t\t<div class=\"elementor-element elementor-element-7b6eca2 elementor-widget elementor-widget-image\" data-id=\"7b6eca2\" data-element_type=\"widget\" data-e-type=\"widget\" data-widget_type=\"image.default\">\n\t\t\t\t<div class=\"elementor-widget-container\">\n\t\t\t\t\t\t\t\t\t\t\t\t\t\t\t<img fetchpriority=\"high\" decoding=\"async\" width=\"1024\" height=\"768\" src=\"https:\/\/rendikamber.ee\/wp-content\/uploads\/2024\/04\/IMG_0595-1024x768.jpeg\" class=\"attachment-large size-large wp-image-1514\" alt=\"\" srcset=\"https:\/\/rendikamber.ee\/wp-content\/uploads\/2024\/04\/IMG_0595-1024x768.jpeg 1024w, https:\/\/rendikamber.ee\/wp-content\/uploads\/2024\/04\/IMG_0595-300x225.jpeg 300w, https:\/\/rendikamber.ee\/wp-content\/uploads\/2024\/04\/IMG_0595-768x576.jpeg 768w, https:\/\/rendikamber.ee\/wp-content\/uploads\/2024\/04\/IMG_0595-1536x1152.jpeg 1536w, https:\/\/rendikamber.ee\/wp-content\/uploads\/2024\/04\/IMG_0595-16x12.jpeg 16w, https:\/\/rendikamber.ee\/wp-content\/uploads\/2024\/04\/IMG_0595.jpeg 2048w\" sizes=\"(max-width: 1024px) 100vw, 1024px\" \/>\t\t\t\t\t\t\t\t\t\t\t\t\t\t\t<\/div>\n\t\t\t\t<\/div>\n\t\t\t\t<div class=\"elementor-element elementor-element-322575d elementor-widget elementor-widget-text-editor\" data-id=\"322575d\" data-element_type=\"widget\" data-e-type=\"widget\" data-widget_type=\"text-editor.default\">\n\t\t\t\t<div class=\"elementor-widget-container\">\n\t\t\t\t\t\t\t\t\t<div class=\"peidamobiilis\"><h4>\u0425\u0430\u0440\u0430\u043a\u0442\u0435\u0440\u0438\u0441\u0442\u0438\u043a\u0438 \u0430\u0432\u0442\u043e\u043c\u043e\u0431\u0438\u043b\u044f CITRO\u00cbN McLouis GLAMYS 222<\/h4><div class=\"widget listing_info\"><div class=\"car-info\"><div class=\"table-responsive\"><table class=\"table\"><tbody><tr class=\"listing_category_alusauto\"><td>\u041c\u041e\u0414\u0415\u041b\u042c:<\/td><td>CITRO\u00cbN<\/td><\/tr><tr class=\"listing_category_mark\"><td>\u041c\u0410\u0420\u041a\u0410:<\/td><td>McLouis<\/td><\/tr><tr class=\"listing_category_mudel\"><td>\u0413\u041e\u0414 \u0412\u042b\u041f\u0423\u0421\u041a\u0410:<\/td><td>2022<\/td><\/tr><tr class=\"listing_category_istekohti\"><td>\u041f\u041e\u0421\u0410\u0414\u041e\u0427\u041d\u042b\u0425 \u041c\u0415\u0421\u0422:<\/td><td>7<\/td><\/tr><tr class=\"listing_category_magamiskohti\"><td>\u0421\u041f\u0410\u041b\u042c\u041d\u042b\u0425 \u041c\u0415\u0421\u0422:<\/td><td>7<\/td><\/tr><tr class=\"listing_category_voodi-tyyp\"><td>\u041a\u0420\u041e\u0412\u0410\u0422\u042c \u0412 \u0417\u0410\u0414\u041d\u0415\u0419 \u0427\u0410\u0421\u0422\u0418:<\/td><td>\u0414\u0412\u0423\u0425\u042a\u042f\u0420\u0423\u0421\u041d\u0410\u042f<\/td><\/tr><tr class=\"listing_category_juhiluba\"><td>\u0412\u041e\u0414\u0418\u0422\u0415\u041b\u042c\u0421\u041a\u041e\u0415 \u0423\u0414\u041e\u0421\u0422\u041e\u0412\u0415\u0420\u0415\u041d\u0418\u0415:<\/td><td>\u041a\u0410\u0422\u0415\u0413\u041e\u0420\u0418\u042f \u0412<\/td><\/tr><tr class=\"listing_category_mootor\"><td>\u0414\u0412\u0418\u0413\u0410\u0422\u0415\u041b\u042c:<\/td><td>\u0414\u0438\u0437\u0435\u043b\u044c\u043d\u044b\u0439 \u0434\u0432\u0438\u0433\u0430\u0442\u0435\u043b\u044c \u043c\u043e\u0449\u043d\u043e\u0441\u0442\u044c\u044e 104 \u043a\u0412\u0442 (140 \u043b.\u0441.)<\/td><\/tr><tr class=\"listing_category_ylekanne\"><td>\u041a\u041e\u0420\u041e\u0411\u041a\u0410 \u041f\u0415\u0420\u0415\u0414\u0410\u0427:<\/td><td>\u041c\u0435\u0445\u0430\u043d\u0438\u0447\u0435\u0441\u043a\u0430\u044f \u043a\u043e\u0440\u043e\u0431\u043a\u0430 \u043f\u0435\u0440\u0435\u0434\u0430\u0447<\/td><\/tr><tr class=\"listing_category_pikkuskorgus\"><td>\u0414\u041b\u0418\u041d\u041d\u0410\/\u0412\u042b\u0421\u041e\u0422\u0410\/\u0428\u0418\u0420\u0418\u041d\u0410:<\/td><td>6,99 \u043c\/3,20 \u043c<\/td><\/tr><tr class=\"listing_category_veepaak\"><td>\u0420\u0415\u0417\u0415\u0420\u0412\u0423\u0410\u0420 \u0414\u041b\u042f \u0412\u041e\u0414\u042b:<\/td><td>118 \u043b\u0438\u0442\u0440\u043e\u0432<\/td><\/tr><tr class=\"listing_category_reoveepaak\"><td>\u0420\u0415\u0417\u0415\u0420\u0412\u0423\u0410\u0420 \u0414\u041b\u042f \u0421\u0422\u041e\u0427\u041d\u042b\u0425 \u0412\u041e\u0414:<\/td><td>135 \u043b\u0438\u0442\u0440\u0430<\/td><\/tr><tr class=\"listing_category_kytejasoevesi\"><td>\u041e\u0422\u041e\u041f\u041b\u0415\u041d\u0418\u0415 \u0418 \u0413\u041e\u0420\u042f\u0427\u0410\u042f \u0412\u041e\u0414\u0410:<\/td><td>\u0413\u0430\u0437\u043e\u0432\u044b\u0439 \u043e\u0431\u043e\u0433\u0440\u0435\u0432\u0430\u0442\u0435\u043b\u044c\/\u0432\u043e\u0434\u043e\u043d\u0430\u0433\u0440\u0435\u0432\u0430\u0442\u0435\u043b\u044c Truma Combi 4 (4000 \u0412\u0442)<\/td><\/tr><tr class=\"listing_category_klass\"><td>\u041a\u041b\u0410\u0421\u0421 \u0410\u0412\u0422\u041e:<\/td><td>\u0421\u0415\u041c\u0415\u0419\u041d\u042b\u0419<\/td><\/tr><\/tbody><\/table><\/div><\/div><\/div><\/div><div id=\"technical\" class=\"\"><p>\u00a0<\/p><\/div>\t\t\t\t\t\t\t\t<\/div>\n\t\t\t\t<\/div>\n\t\t\t\t<\/div>\n\t\t<div class=\"elementor-element elementor-element-8a2eab4 e-con-full e-flex e-con e-child\" data-id=\"8a2eab4\" data-element_type=\"container\" data-e-type=\"container\">\n\t\t\t\t<div class=\"elementor-element elementor-element-06169af elementor-widget elementor-widget-text-editor\" data-id=\"06169af\" data-element_type=\"widget\" data-e-type=\"widget\" data-widget_type=\"text-editor.default\">\n\t\t\t\t<div class=\"elementor-widget-container\">\n\t\t\t\t\t\t\t\t\t<h4>\u041e\u0411\u041e\u0420\u0423\u0414\u041e\u0412\u0410\u041d\u0418\u0415 \u0410\u0412\u0422\u041e\u041c\u041e\u0411\u0418\u041b\u042f<\/h4><p><strong>\u041a\u0430\u0431\u0438\u043d\u0430<\/strong><br \/>\u041f\u0430\u043a\u0435\u0442 \u0431\u0435\u0437\u043e\u043f\u0430\u0441\u043d\u043e\u0441\u0442\u0438 (ABS, EBD, TRC+, ESC, 2 \u043f\u043e\u0434\u0443\u0448\u043a\u0438 \u0431\u0435\u0437\u043e\u043f\u0430\u0441\u043d\u043e\u0441\u0442\u0438)<br \/>\u041a\u0440\u0443\u0438\u0437-\u043a\u043e\u043d\u0442\u0440\u043e\u043b\u044c<br \/>\u042d\u043b\u0435\u043a\u0442\u0440\u0438\u0447\u0435\u0441\u043a\u0438\u0435 \u0441\u0442\u0435\u043a\u043b\u043e\u043f\u043e\u0434\u044a\u0435\u043c\u043d\u0438\u043a\u0438, \u0437\u0435\u0440\u043a\u0430\u043b\u0430<br \/>CD-\u0441\u0442\u0435\u0440\u0435\u043e\u0441\u0438\u0441\u0442\u0435\u043c\u0430 ALPINE (CD, USB, MP3)<br \/>\u041a\u043e\u043d\u0434\u0438\u0446\u0438\u043e\u043d\u0435\u0440 \u0432 \u043a\u0430\u0431\u0438\u043d\u0435<br \/>\u0426\u0435\u043d\u0442\u0440\u0430\u043b\u044c\u043d\u044b\u0439 \u0437\u0430\u043c\u043e\u043a \u043d\u0430 \u0434\u0432\u0435\u0440\u044f\u0445 \u043a\u0430\u0431\u0438\u043d\u044b<br \/>\u0421\u0438\u0434\u0435\u043d\u044c\u044f \u043a\u0430\u0431\u0438\u043d\u044b \u0441 \u043f\u043e\u0434\u043b\u043e\u043a\u043e\u0442\u043d\u0438\u043a\u0430\u043c\u0438<\/p><p><strong>\u0416\u0438\u043b\u0430\u044f \u0447\u0430\u0441\u0442\u044c<\/strong><br \/>\u0414\u0443\u0448 \u0438 \u0442\u0443\u0430\u043b\u0435\u0442 \u0432\u043c\u0435\u0441\u0442\u0435<br \/>\u041c\u0438\u043d\u0438-\u043a\u0443\u0445\u043d\u044f-\u0445\u043e\u043b\u043e\u0434\u0438\u043b\u044c\u043d\u0438\u043a 149 \u043b\u0438\u0442\u0440\u043e\u0432 \u0441 \u043c\u043e\u0440\u043e\u0437\u0438\u043b\u044c\u043d\u043e\u0439 \u043a\u0430\u043c\u0435\u0440\u043e\u0439 (\u0433\u0430\u0437 + 12V + 220v), \u0440\u0430\u043a\u043e\u0432\u0438\u043d\u0430, \u0433\u0430\u0437\u043e\u0432\u0430\u044f \u043f\u043b\u0438\u0442\u0430<br \/>\u041a\u043e\u0436\u0430\u043d\u044b\u0435 \u0441\u0438\u0434\u0435\u043d\u044c\u044f \u0432 \u043a\u0430\u0431\u0438\u043d\u0435 \u0438 \u0436\u0438\u043b\u043e\u0439 \u0447\u0430\u0441\u0442\u0438<br \/>\u0421\u0432\u0435\u0442\u043e\u0434\u0438\u043e\u0434\u043d\u043e\u0435 \u043e\u0441\u0432\u0435\u0449\u0435\u043d\u0438\u0435 \u0432 \u0436\u0438\u043b\u043e\u0439 \u0447\u0430\u0441\u0442\u0438<br \/>\u0422\u0435\u043b\u0435\u0432\u0438\u0437\u043e\u0440 (HDMI, USB, DVD-\u043f\u043b\u0435\u0435\u0440)<br \/>\u041a\u0440\u043e\u0432\u0430\u0442\u044c \u0432 \u0437\u0430\u0434\u043d\u0435\u0439 \u0447\u0430\u0441\u0442\u0438 \u0430\u0432\u0442\u043e\u043c\u043e\u0431\u0438\u043b\u044f<br \/>\u0414\u043e\u043f\u043e\u043b\u043d\u0438\u0442\u0435\u043b\u044c\u043d\u0430\u044f \u0448\u0438\u0440\u043e\u043a\u0430\u044f \u043a\u0440\u043e\u0432\u0430\u0442\u044c (1600 x 2100 \u043c\u043c) \u043d\u0430\u0434 \u0441\u0435\u043a\u0446\u0438\u0435\u0439 \u043a\u0430\u0431\u0438\u043d\u044b<br \/>\u041a\u0440\u043e\u0432\u0430\u0442\u0438 \u0438\u0437 \u0434\u043e\u0441\u043e\u043a \u0438 \u0441\u0438\u0434\u0435\u043d\u0438\u0439 \u0436\u0438\u043b\u043e\u0439 \u0447\u0430\u0441\u0442\u0438<br \/>\u0422\u0435\u043f\u043b\u043e\u0432\u044b\u0435 \u0436\u0430\u043b\u044e\u0437\u0438 \u0438 \u0441\u0435\u0442\u043a\u0438 \u043e\u0442 \u043d\u0430\u0441\u0435\u043a\u043e\u043c\u044b\u0445 \u043d\u0430 \u0432\u0441\u0435\u0445 \u043e\u043a\u043d\u0430\u0445 \u0438 \u043b\u044e\u043a\u0430\u0445<br \/>\u041c\u0435\u0441\u0442\u043e \u0434\u043b\u044f \u0445\u0440\u0430\u043d\u0435\u043d\u0438\u044f \u0432 \u0437\u0430\u0434\u043d\u0435\u0439 \u0447\u0430\u0441\u0442\u0438 \u0430\u0432\u0442\u043e\u043c\u043e\u0431\u0438\u043b\u044f (\u043f\u043e\u0434 \u043a\u043e\u0439\u043a\u043e\u0439)<\/p><p><strong>\u041a\u043e\u043c\u0444\u043e\u0440\u0442\u043d\u043e\u0435 \u043e\u0431\u043e\u0440\u0443\u0434\u043e\u0432\u0430\u043d\u0438\u0435<\/strong><br \/>\u041a\u0430\u043c\u0435\u0440\u0430 \u0437\u0430\u0434\u043d\u0435\u0433\u043e \u0432\u0438\u0434\u0430<br \/>\u0412\u0435\u043b\u043e\u0441\u0438\u043f\u0435\u0434\u043d\u0430\u044f \u0441\u0442\u043e\u0439\u043a\u0430 \u043d\u0430 4 \u0432\u0435\u043b\u043e\u0441\u0438\u043f\u0435\u0434\u0430<br \/>\u041d\u0430\u0432\u0435\u0441 4,0 \u043c\u0435\u0442\u0440\u0430 \u043d\u0430 \u0441\u0442\u043e\u0440\u043e\u043d\u0435 \u043a\u0435\u043c\u043f\u0435\u0440\u0430<\/p>\t\t\t\t\t\t\t\t<\/div>\n\t\t\t\t<\/div>\n\t\t\t\t<div class=\"elementor-element elementor-element-105ce89 elementor-widget elementor-widget-text-editor\" data-id=\"105ce89\" data-element_type=\"widget\" data-e-type=\"widget\" data-widget_type=\"text-editor.default\">\n\t\t\t\t<div class=\"elementor-widget-container\">\n\t\t\t\t\t\t\t\t\t<p><strong>\u0412 \u0441\u0442\u043e\u0438\u043c\u043e\u0441\u0442\u044c \u0432\u0445\u043e\u0434\u0438\u0442:<\/strong><\/p><ul><li>\u0421\u0442\u0440\u0430\u0445\u043e\u0432\u0430\u043d\u0438\u0435 \u043f\u043e\u043b\u043d\u043e\u0433\u043e \u041a\u0410\u0421\u041a\u041e<\/li><li>\u041f\u043e\u043b\u043d\u044b\u0439 \u0440\u0435\u0437\u0435\u0440\u0432\u0443\u0430\u0440 \u0434\u043b\u044f \u0432\u043e\u0434\u044b \u0438 \u043e\u0447\u0438\u0441\u0442\u0438\u0442\u0435\u043b\u044c \u0442\u0443\u0430\u043b\u0435\u0442\u0430<\/li><li>11 \u043a\u0433 \u0433\u0430\u0437\u0430<\/li><li>\u0410\u0432\u0442\u043e\u0438\u043d\u0441\u0442\u0440\u0443\u043a\u0446\u0438\u044f<\/li><li>\u041d\u0430\u0431\u043e\u0440 \u043f\u043e\u0441\u0443\u0434\u044b<\/li><li>\u0423\u043b\u0438\u0447\u043d\u0430\u044f \u043c\u0435\u0431\u0435\u043b\u044c (\u0441\u0442\u043e\u043b + \u0441\u0442\u0443\u043b\u044c\u044f)<\/li><li>\u041c\u0430\u0440\u043a\u0438\u0437<\/li><li>\u0412\u0435\u043b\u043e\u0441\u0438\u043f\u0435\u0434\u043d\u0430\u044f \u0441\u0442\u043e\u0439\u043a\u0430 (\u041c\u0430\u043a\u0441 \u0434\u043b\u044f \u0447\u0435\u0442\u044b\u0440\u0435\u0445 \u0432\u0435\u043b\u043e\u0441\u0438\u043f\u0435\u0434\u043e\u0432)<\/li><\/ul>\t\t\t\t\t\t\t\t<\/div>\n\t\t\t\t<\/div>\n\t\t\t\t<div class=\"elementor-element elementor-element-c1c502b elementor-widget elementor-widget-text-editor\" data-id=\"c1c502b\" data-element_type=\"widget\" data-e-type=\"widget\" data-widget_type=\"text-editor.default\">\n\t\t\t\t<div class=\"elementor-widget-container\">\n\t\t\t\t\t\t\t\t\t<p><strong>\u0414\u043e\u043f\u043e\u043b\u043d\u0438\u0442\u0435\u043b\u044c\u043d\u044b\u0435 \u043e\u043f\u0446\u0438\u0438:<\/strong><\/p>\n<ul>\n<li>\u041a\u043e\u043c\u043f\u043b\u0435\u043a\u0442\u044b \u043f\u043e\u0441\u0442\u0435\u043b\u044c\u043d\u043e\u0433\u043e \u0431\u0435\u043b\u044c\u044f \u0434\u043b\u044f \u0432\u0441\u0435\u0445 (\u043e\u0434\u0435\u044f\u043b\u043e , \u043f\u043e\u0434\u0443\u0448\u043a\u0430, \u043f\u043e\u0441\u0442\u0435\u043b\u044c\u043d\u043e\u0435 \u0431\u0435\u043b\u044c\u0435): 50\u20ac&nbsp;<\/li>\n<li>\u0423\u0431\u043e\u0440\u043a\u0430 \u0441\u0430\u043b\u043e\u043d\u0430 \u0430\u0432\u0442\u043e\u043c\u043e\u0431\u0438\u043b\u044f \u043f\u0440\u0438 \u0432\u043e\u0437\u0432\u0440\u0430\u0442\u0435 \u043d\u0435\u0443\u0445\u043e\u0436\u0435\u043d\u043d\u043e\u0433\u043e \u0430\u0432\u0442\u043e\u043c\u043e\u0431\u0438\u043b\u044f: 70\u20ac<\/li>\n<li>\u0421\u043b\u0438\u0432 \u0431\u0430\u043a\u0430 \u0434\u043b\u044f \u0441\u0442\u043e\u0447\u043d\u044b\u0445 \u0432\u043e\u0434 \u0438 \u0442\u0443\u0430\u043b\u0435\u0442\u043d\u043e\u0433\u043e \u043a\u0430\u0440\u0442\u0440\u0438\u0434\u0436\u0430 \u043f\u0440\u0438 \u0432\u043e\u0437\u0432\u0440\u0430\u0442\u0435 \u0431\u0435\u0437 \u0441\u043b\u0438\u0432\u0430: 40\u20ac<\/li>\n<li>\u041c\u0430\u043b\u0435\u043d\u044c\u043a\u0438\u0439 \u043f\u0438\u0442\u043e\u043c\u0435\u0446 \u043f\u043e \u043f\u0440\u0435\u0434\u0432\u0430\u0440\u0438\u0442\u0435\u043b\u044c\u043d\u043e\u0439 \u0434\u043e\u0433\u043e\u0432\u043e\u0440\u0435\u043d\u043d\u043e\u0441\u0442\u0438.<\/li>\n<\/ul>\t\t\t\t\t\t\t\t<\/div>\n\t\t\t\t<\/div>\n\t\t\t\t<\/div>\n\t\t\t\t\t<\/div>\n\t\t\t\t<\/div>\n\t\t<div class=\"elementor-element elementor-element-302f1e5 e-flex e-con-boxed e-con e-parent\" data-id=\"302f1e5\" data-element_type=\"container\" data-e-type=\"container\">\n\t\t\t\t\t<div class=\"e-con-inner\">\n\t\t<div class=\"elementor-element elementor-element-615e6f4 e-con-full e-flex e-con e-child\" data-id=\"615e6f4\" data-element_type=\"container\" data-e-type=\"container\">\n\t\t\t\t<div class=\"elementor-element elementor-element-b23e4ee elementor-widget elementor-widget-heading\" data-id=\"b23e4ee\" data-element_type=\"widget\" data-e-type=\"widget\" data-widget_type=\"heading.default\">\n\t\t\t\t<div class=\"elementor-widget-container\">\n\t\t\t\t\t<h2 class=\"elementor-heading-title elementor-size-default\">\u0426\u0415\u041d\u0410 \u0421\u0423\u0422\u041e\u0427\u041d\u041e\u0419 \u0410\u0420\u0415\u041d\u0414\u042b:<\/h2>\t\t\t\t<\/div>\n\t\t\t\t<\/div>\n\t\t\t\t<div class=\"elementor-element elementor-element-a449799 elementor-widget elementor-widget-heading\" data-id=\"a449799\" data-element_type=\"widget\" data-e-type=\"widget\" data-widget_type=\"heading.default\">\n\t\t\t\t<div class=\"elementor-widget-container\">\n\t\t\t\t\t<h2 class=\"elementor-heading-title elementor-size-default\">\u0412\u042b\u0421\u041e\u041a\u0418\u0419 \u0421\u0415\u0417\u041e\u041d (01.05 -31.08): 124\u20ac\/\u0434\u0435\u043d\u044c.<\/h2>\t\t\t\t<\/div>\n\t\t\t\t<\/div>\n\t\t\t\t<div class=\"elementor-element elementor-element-9c6d38c elementor-widget elementor-widget-heading\" data-id=\"9c6d38c\" data-element_type=\"widget\" data-e-type=\"widget\" data-widget_type=\"heading.default\">\n\t\t\t\t<div class=\"elementor-widget-container\">\n\t\t\t\t\t<h4 class=\"elementor-heading-title elementor-size-default\">8+ \u0434\u043d\u0435\u0439 100\u20ac\/\u0434\u0435\u043d\u044c.<\/h4>\t\t\t\t<\/div>\n\t\t\t\t<\/div>\n\t\t\t\t<div class=\"elementor-element elementor-element-b50cbf6 elementor-widget elementor-widget-heading\" data-id=\"b50cbf6\" data-element_type=\"widget\" data-e-type=\"widget\" data-widget_type=\"heading.default\">\n\t\t\t\t<div class=\"elementor-widget-container\">\n\t\t\t\t\t<h4 class=\"elementor-heading-title elementor-size-default\">\u041d\u0418\u0417\u041a\u0418\u0419 \u0421\u0415\u0417\u041e\u041d (01.09 -30.04): 100\u20ac\/\u0434\u0435\u043d\u044c.<\/h4>\t\t\t\t<\/div>\n\t\t\t\t<\/div>\n\t\t\t\t<div class=\"elementor-element elementor-element-51cc1e5 elementor-widget elementor-widget-text-editor\" data-id=\"51cc1e5\" data-element_type=\"widget\" data-e-type=\"widget\" data-widget_type=\"text-editor.default\">\n\t\t\t\t<div class=\"elementor-widget-container\">\n\t\t\t\t\t\t\t\t\t<div>\u041c\u0438\u043d\u0438\u043c\u0430\u043b\u044c\u043d\u044b\u0439 \u0441\u0440\u043e\u043a \u0430\u0440\u0435\u043d\u0434\u044b \u2014 3 \u0434\u043d\u044f.<\/div><div>\u2013 \u043c\u0438\u043d\u0438\u043c\u0430\u043b\u044c\u043d\u044b\u0439 \u0432\u043e\u0437\u0440\u0430\u0441\u0442 \u0430\u0440\u0435\u043d\u0434\u0430\u0442\u043e\u0440\u0430 \u2013 25 \u043b\u0435\u0442<\/div><div>\u2013 \u043f\u0435\u0440\u0435\u0434\u0430\u0447\u0430 \u0430\u0432\u0442\u043e\u043c\u043e\u0431\u0438\u043b\u044f \u0430\u0440\u0435\u043d\u0434\u0430\u0442\u043e\u0440\u0443 \u0441 15:00 \u0438 \u0432\u043e\u0437\u0432\u0440\u0430\u0442 \u0432 \u043f\u043e\u0441\u043b\u0435\u0434\u043d\u0438\u0439 \u0434\u0435\u043d\u044c \u0434\u043e 12:00.<\/div><div>\u2013 \u0434\u0435\u043f\u043e\u0437\u0438\u0442 500 \u0435\u0432\u0440\u043e<\/div><div>\u00a0<\/div>\t\t\t\t\t\t\t\t<\/div>\n\t\t\t\t<\/div>\n\t\t\t\t<div class=\"elementor-element elementor-element-ca12570 elementor-widget elementor-widget-button\" data-id=\"ca12570\" data-element_type=\"widget\" data-e-type=\"widget\" data-widget_type=\"button.default\">\n\t\t\t\t<div class=\"elementor-widget-container\">\n\t\t\t\t\t\t\t\t\t<div class=\"elementor-button-wrapper\">\n\t\t\t\t\t<a class=\"elementor-button elementor-button-link elementor-size-sm\" href=\"https:\/\/rendikamber.ee\/ru\/broneerimine\/\">\n\t\t\t\t\t\t<span class=\"elementor-button-content-wrapper\">\n\t\t\t\t\t\t\t\t\t<span class=\"elementor-button-text\">\u0417\u0410\u0411\u0420\u041e\u041d\u0418\u0420\u041e\u0412\u0410\u0422\u042c<\/span>\n\t\t\t\t\t<\/span>\n\t\t\t\t\t<\/a>\n\t\t\t\t<\/div>\n\t\t\t\t\t\t\t\t<\/div>\n\t\t\t\t<\/div>\n\t\t\t\t<\/div>\n\t\t<div class=\"elementor-element elementor-element-e6aa7b6 e-con-full e-flex e-con e-child\" data-id=\"e6aa7b6\" data-element_type=\"container\" data-e-type=\"container\">\n\t\t\t\t<\/div>\n\t\t\t\t\t<\/div>\n\t\t\t\t<\/div>\n\t\t\t\t<\/div>","protected":false},"excerpt":{"rendered":"<p>Kaasahaarav seiklus ootab! Rendikamber Pakume rentimiseks kaasaegset ja ruumikat 7-kohalist matkaautot Citroen Mclouis Glamys222. Asume Narvas, eelneval kokkuleppel on v\u00f5imalik s\u00f5iduk Teieni toimetada. S\u00d5IDUKI ANDMED CITRO\u00cbN McLouis GLAMYS 222 ALUSAUTO: CITRO\u00cbN MARK: McLouis ESMANE REGISTEERIMINE: 2022 ISTEKOHTI: 7 MAGAMISKOHTI: 7 VOODI TAGAOSAS: Narivoodi N\u00d5UTAV JUHILUBA: B-kategooria MOOTORI T\u00dc\u00dcP: 104kW (140 hj) diiselmootor K\u00c4IGUKAST: Manuaalk\u00e4igukast PIKKUS\/K\u00d5RGUS\/LAIUS: [&hellip;]<\/p>","protected":false},"author":1,"featured_media":0,"parent":0,"menu_order":0,"comment_status":"closed","ping_status":"closed","template":"","meta":{"site-sidebar-layout":"no-sidebar","site-content-layout":"page-builder","ast-site-content-layout":"full-width-container","site-content-style":"unboxed","site-sidebar-style":"unboxed","ast-global-header-display":"","ast-banner-title-visibility":"","ast-main-header-display":"","ast-hfb-above-header-display":"","ast-hfb-below-header-display":"","ast-hfb-mobile-header-display":"","site-post-title":"disabled","ast-breadcrumbs-content":"","ast-featured-img":"disabled","footer-sml-layout":"","theme-transparent-header-meta":"enabled","adv-header-id-meta":"","stick-header-meta":"","header-above-stick-meta":"","header-main-stick-meta":"","header-below-stick-meta":"","astra-migrate-meta-layouts":"set","ast-page-background-enabled":"default","ast-page-background-meta":{"desktop":{"background-color":"","background-image":"","background-repeat":"repeat","background-position":"center center","background-size":"auto","background-attachment":"scroll","background-type":"","background-media":"","overlay-type":"","overlay-color":"","overlay-gradient":""},"tablet":{"background-color":"","background-image":"","background-repeat":"repeat","background-position":"center center","background-size":"auto","background-attachment":"scroll","background-type":"","background-media":"","overlay-type":"","overlay-color":"","overlay-gradient":""},"mobile":{"background-color":"","background-image":"","background-repeat":"repeat","background-position":"center center","background-size":"auto","background-attachment":"scroll","background-type":"","background-media":"","overlay-type":"","overlay-color":"","overlay-gradient":""}},"ast-content-background-meta":{"desktop":{"background-color":"var(--ast-global-color-5)","background-image":"","background-repeat":"repeat","background-position":"center center","background-size":"auto","background-attachment":"scroll","background-type":"","background-media":"","overlay-type":"","overlay-color":"","overlay-gradient":""},"tablet":{"background-color":"var(--ast-global-color-5)","background-image":"","background-repeat":"repeat","background-position":"center center","background-size":"auto","background-attachment":"scroll","background-type":"","background-media":"","overlay-type":"","overlay-color":"","overlay-gradient":""},"mobile":{"background-color":"var(--ast-global-color-5)","background-image":"","background-repeat":"repeat","background-position":"center center","background-size":"auto","background-attachment":"scroll","background-type":"","background-media":"","overlay-type":"","overlay-color":"","overlay-gradient":""}},"footnotes":""},"class_list":["post-542","page","type-page","status-publish","hentry"],"_links":{"self":[{"href":"https:\/\/rendikamber.ee\/ru\/wp-json\/wp\/v2\/pages\/542","targetHints":{"allow":["GET"]}}],"collection":[{"href":"https:\/\/rendikamber.ee\/ru\/wp-json\/wp\/v2\/pages"}],"about":[{"href":"https:\/\/rendikamber.ee\/ru\/wp-json\/wp\/v2\/types\/page"}],"author":[{"embeddable":true,"href":"https:\/\/rendikamber.ee\/ru\/wp-json\/wp\/v2\/users\/1"}],"replies":[{"embeddable":true,"href":"https:\/\/rendikamber.ee\/ru\/wp-json\/wp\/v2\/comments?post=542"}],"version-history":[{"count":0,"href":"https:\/\/rendikamber.ee\/ru\/wp-json\/wp\/v2\/pages\/542\/revisions"}],"wp:attachment":[{"href":"https:\/\/rendikamber.ee\/ru\/wp-json\/wp\/v2\/media?parent=542"}],"curies":[{"name":"wp","href":"https:\/\/api.w.org\/{rel}","templated":true}]}}